{"id":732,"date":"2018-04-18T17:18:08","date_gmt":"2018-04-18T15:18:08","guid":{"rendered":"http:\/\/elektro-juergen-mertens.de\/?page_id=732"},"modified":"2026-01-28T16:29:12","modified_gmt":"2026-01-28T15:29:12","slug":"elektroanlage-gewerbe","status":"publish","type":"page","link":"https:\/\/elektro-juergen-mertens.de\/index.php\/elektrotechnik-in-monschau\/elektroanlage-gewerbe\/","title":{"rendered":"INDUSTRIE"},"content":{"rendered":"<div class=\"wpb-content-wrapper\"><p>[vc_row css_animation=&#8220;&#8220; row_type=&#8220;row&#8220; use_row_as_full_screen_section=&#8220;no&#8220; type=&#8220;grid&#8220; angled_section=&#8220;no&#8220; text_align=&#8220;left&#8220; background_image_as_pattern=&#8220;without_pattern&#8220; z_index=&#8220;&#8220; css=&#8220;.vc_custom_1524123950802{padding-top: 5% !important;padding-bottom: 3% !important;}&#8220;][vc_column width=&#8220;1\/2&#8243; css=&#8220;.vc_custom_1524123888058{padding-right: 8% !important;padding-bottom: 8% !important;}&#8220;][vc_single_image image=&#8220;961&#8243; img_size=&#8220;full&#8220; qode_css_animation=&#8220;&#8220;][\/vc_column][vc_column width=&#8220;1\/2&#8243;][vc_column_text]<\/p>\n<h1 style=\"text-align: left;\">ELEKTROTECHNIK F\u00dcR DIE INDUSTRIE<\/h1>\n<p>[\/vc_column_text][vc_empty_space height=&#8220;30px&#8220;][vc_column_text]<\/p>\n<p style=\"text-align: left;\">Als Elektrotechniker sind wir in der Industrie ebenso Ihr erfahrener Dienstleister im Schaltschrankbau f\u00fcr unterschiedliche Bauformen.<\/p>\n<p>Als Elektriker-Meisterbetrieb mit langj\u00e4hriger Erfahrung und hoher Fachkompetenz bieten wir Ihnen eine breite Palette an Leistungen zur Fertigung und Montage von Schaltschr\u00e4nken. Dabei legen wir besonderen Wert auf Qualit\u00e4t, Zuverl\u00e4ssigkeit und Termintreue.<\/p>\n<p>&nbsp;<\/p>\n<p>Unsere erfahrenen Mitarbeiter fertigen individuelle Schaltschr\u00e4nke in unserem eigenen Betrieb in Monschau, wo wir mit modernen Maschinen und Werkzeugen arbeiten. Hierbei achten wir auf h\u00f6chste Qualit\u00e4tsstandards und verwenden ausschlie\u00dflich Materialien von renommierten Herstellern.<\/p>\n<p>Unsere Leistungen umfassen nicht nur die Fertigung, sondern auch die Montage und Vorbereitung zur Inbetriebnahme der Schaltschr\u00e4nke vor Ort. Hierbei arbeiten wir schnell und pr\u00e4zise, um Ihren Betrieb so wenig wie m\u00f6glich zu beeintr\u00e4chtigen. Unsere Monteure sind regional, \u00fcberregional und im Ausland im Einsatz.<\/p>\n<p>&nbsp;<\/p>\n<h5>Elektro Mertens als verl\u00e4sslicher Partner<\/h5>\n<p>Als zertifizierter Elektrotechnik Fachbetrieb f\u00fcr die Industrie stehen wir f\u00fcr Qualit\u00e4t, Zuverl\u00e4ssigkeit und Fachkompetenz. Wir sind stolz darauf, dass uns zahlreiche Unternehmen aus der Region als vertrauensvollen Partner f\u00fcr ihre Elektrotechnik-Projekte ausw\u00e4hlen.<\/p>\n<p>\u00dcberzeugen Sie sich selbst von unserer Leistungsf\u00e4higkeit und vereinbaren Sie noch heute einen Termin mit uns. Wir freuen uns darauf, Sie bei Ihrem n\u00e4chsten Projekt unterst\u00fctzen zu d\u00fcrfen![\/vc_column_text][vc_empty_space height=&#8220;15px&#8220;]<a  itemprop=\"url\" href=\"mailto:elektro@juergen-mertens.de\" target=\"_self\"  class=\"qbutton  default\" style=\"\">JETZT TERMIN VEREINBAREN<\/a>[\/vc_column][\/vc_row][vc_row css_animation=&#8220;&#8220; row_type=&#8220;row&#8220; use_row_as_full_screen_section=&#8220;no&#8220; type=&#8220;grid&#8220; angled_section=&#8220;no&#8220; text_align=&#8220;left&#8220; background_image_as_pattern=&#8220;without_pattern&#8220; z_index=&#8220;&#8220; css=&#8220;.vc_custom_1524123966729{padding-top: 2% !important;padding-bottom: 5% !important;}&#8220;][vc_column width=&#8220;1\/2&#8243; css=&#8220;.vc_custom_1524123992541{padding-right: 8% !important;padding-bottom: 8% !important;}&#8220;][vc_empty_space height=&#8220;15px&#8220;][vc_column_text]<\/p>\n<h5>MSR TECHNIK<\/h5>\n<p>Bei der MSR-Technik kommen modernste Sensoren und Steuerungstechniken zum Einsatz, um eine hohe Effizienz und Sicherheit zu gew\u00e4hrleisten. Wir als Fachbetrieb f\u00fcr MSR-Technik sind Ihr zuverl\u00e4ssiger Partner, wenn es um die Installation und Wartung von Steuerungsanlagen geht.<\/p>\n<h5>HKL<\/h5>\n<p>Wir als erfahrener Fachbetrieb im Bereich HKL bieten Ihnen individuelle und effiziente L\u00f6sungen f\u00fcr Ihre Heizungs-, Klima- und L\u00fcftungsanlagen. Dabei setzen wir auf modernste Technik und ber\u00fccksichtigen stets \u00f6kologische und \u00f6konomische Aspekte, um Ihnen eine hohe Energieeffizienz zu gew\u00e4hrleisten. Vertrauen Sie auf unsere langj\u00e4hrige Erfahrung und Expertise im Bereich der HKL-Technik![\/vc_column_text][vc_empty_space height=&#8220;15px&#8220;][vc_column_text]<\/p>\n<p style=\"text-align: left;\"><a href=\"https:\/\/elektro-juergen-mertens.de\/index.php\/netzwerktechnik\/\"><strong><span style=\"color: #8827b8;\">&gt;<\/span><\/strong> MSR-Technik \/ Messen, Steuern, Regeln<\/a><br \/>\n<strong><span style=\"color: #8827b8;\">&gt;<\/span><\/strong> HKL \/ Heizung, Klima, L\u00fcftung<br \/>\n<strong><span style=\"color: #8827b8;\">&gt;<\/span><\/strong> f\u00fcr die Automobilindustrie<br \/>\n<strong><span style=\"color: #8827b8;\">&gt;<\/span><\/strong> komplexe Verteileranlagen f\u00fcr Gewerbeobjekte<\/p>\n<p>[\/vc_column_text][\/vc_column][vc_column width=&#8220;1\/2&#8243;][vc_single_image image=&#8220;974&#8243; img_size=&#8220;full&#8220; qode_css_animation=&#8220;&#8220;][\/vc_column][\/vc_row][vc_row css_animation=&#8220;&#8220; row_type=&#8220;row&#8220; use_row_as_full_screen_section=&#8220;no&#8220; type=&#8220;grid&#8220; angled_section=&#8220;no&#8220; text_align=&#8220;left&#8220; background_image_as_pattern=&#8220;without_pattern&#8220; background_image=&#8220;248&#8243; z_index=&#8220;&#8220;][vc_column][qode_elements_holder number_of_columns=&#8220;one_column&#8220; alignment_one_column=&#8220;center&#8220;][qode_elements_holder_item vertical_alignment=&#8220;middle&#8220; horizontal_alignment=&#8220;left&#8220; advanced_animations=&#8220;no&#8220; item_padding=&#8220;150px 0px 150px&#8220;][vc_column_text]<\/p>\n<h5><span style=\"color: #ffffff;\">Wir finden L\u00f6sungen f\u00fcr Ihre Aufgabenstellung!<\/span><\/h5>\n<h1><span style=\"color: #ffffff; font-weight: 300;\">MELDEN SIE SICH GERNE<\/span><span style=\"color: #ffffff;\"> +49 (0) 2472 2990<br \/>\n<\/span><span style=\"color: #ffffff; text-transform: lowercase;\">elektro@juergen-mertens.de<\/span><\/h1>\n<p>[\/vc_column_text][\/qode_elements_holder_item][\/qode_elements_holder][\/vc_column][\/vc_row]<\/p>\n<\/div>","protected":false},"excerpt":{"rendered":"<p>[vc_row css_animation=&#8220;&#8220; row_type=&#8220;row&#8220; use_row_as_full_screen_section=&#8220;no&#8220; type=&#8220;grid&#8220; angled_section=&#8220;no&#8220; text_align=&#8220;left&#8220; background_image_as_pattern=&#8220;without_pattern&#8220; z_index=&#8220;&#8220; css=&#8220;.vc_custom_1524123950802{padding-top: 5% !important;padding-bottom: 3% !important;}&#8220;][vc_column width=&#8220;1\/2&#8243; css=&#8220;.vc_custom_1524123888058{padding-right: 8% !important;padding-bottom: 8% !important;}&#8220;][vc_single_image image=&#8220;961&#8243; img_size=&#8220;full&#8220; qode_css_animation=&#8220;&#8220;][\/vc_column][vc_column width=&#8220;1\/2&#8243;][vc_column_text] ELEKTROTECHNIK F\u00dcR DIE INDUSTRIE [\/vc_column_text][vc_empty_space height=&#8220;30px&#8220;][vc_column_text] Als Elektrotechniker sind wir in der Industrie ebenso Ihr erfahrener Dienstleister im Schaltschrankbau f\u00fcr unterschiedliche&#8230;<\/p>\n","protected":false},"author":1,"featured_media":0,"parent":720,"menu_order":0,"comment_status":"closed","ping_status":"closed","template":"full_width.php","meta":{"footnotes":""},"class_list":["post-732","page","type-page","status-publish","hentry"],"yoast_head":"<!-- This site is optimized with the Yoast SEO plugin v26.9 - https:\/\/yoast.com\/product\/yoast-seo-wordpress\/ -->\n<title>Elektrotechnik f\u00fcr die Industrie | Elektro J\u00fcrgen Mertens Monschau<\/title>\n<meta name=\"description\" content=\"Elektroanlagen MSR-Technik - Als IElektrotechniker f\u00fcr die Industrie sind wir Ihr erfahrener Dienstleister im Schaltschrankbau.\" \/>\n<meta name=\"robots\" content=\"index, follow, max-snippet:-1, max-image-preview:large, max-video-preview:-1\" \/>\n<link rel=\"canonical\" href=\"https:\/\/elektro-juergen-mertens.de\/index.php\/elektrotechnik-in-monschau\/elektroanlage-gewerbe\/\" \/>\n<meta property=\"og:locale\" content=\"de_DE\" \/>\n<meta property=\"og:type\" content=\"article\" \/>\n<meta property=\"og:title\" content=\"Elektrotechnik f\u00fcr die Industrie | Elektro J\u00fcrgen Mertens Monschau\" \/>\n<meta property=\"og:description\" content=\"Elektroanlagen MSR-Technik - Als IElektrotechniker f\u00fcr die Industrie sind wir Ihr erfahrener Dienstleister im Schaltschrankbau.\" \/>\n<meta property=\"og:url\" content=\"https:\/\/elektro-juergen-mertens.de\/index.php\/elektrotechnik-in-monschau\/elektroanlage-gewerbe\/\" \/>\n<meta property=\"og:site_name\" content=\"Elektro J\u00fcrgen Mertens\" \/>\n<meta property=\"article:publisher\" content=\"https:\/\/www.facebook.com\/Elektro-J%c3%bcrgen-Mertens-632474000437127\/?ref=br_rs\" \/>\n<meta property=\"article:modified_time\" content=\"2026-01-28T15:29:12+00:00\" \/>\n<meta name=\"twitter:card\" content=\"summary_large_image\" \/>\n<meta name=\"twitter:label1\" content=\"Gesch\u00e4tzte Lesezeit\" \/>\n\t<meta name=\"twitter:data1\" content=\"3\u00a0Minuten\" \/>\n<script type=\"application\/ld+json\" class=\"yoast-schema-graph\">{\"@context\":\"https:\/\/schema.org\",\"@graph\":[{\"@type\":\"WebPage\",\"@id\":\"https:\/\/elektro-juergen-mertens.de\/index.php\/elektrotechnik-in-monschau\/elektroanlage-gewerbe\/\",\"url\":\"https:\/\/elektro-juergen-mertens.de\/index.php\/elektrotechnik-in-monschau\/elektroanlage-gewerbe\/\",\"name\":\"Elektrotechnik f\u00fcr die Industrie | Elektro J\u00fcrgen Mertens Monschau\",\"isPartOf\":{\"@id\":\"https:\/\/elektro-juergen-mertens.de\/#website\"},\"datePublished\":\"2018-04-18T15:18:08+00:00\",\"dateModified\":\"2026-01-28T15:29:12+00:00\",\"description\":\"Elektroanlagen MSR-Technik - Als IElektrotechniker f\u00fcr die Industrie sind wir Ihr erfahrener Dienstleister im Schaltschrankbau.\",\"breadcrumb\":{\"@id\":\"https:\/\/elektro-juergen-mertens.de\/index.php\/elektrotechnik-in-monschau\/elektroanlage-gewerbe\/#breadcrumb\"},\"inLanguage\":\"de\",\"potentialAction\":[{\"@type\":\"ReadAction\",\"target\":[\"https:\/\/elektro-juergen-mertens.de\/index.php\/elektrotechnik-in-monschau\/elektroanlage-gewerbe\/\"]}]},{\"@type\":\"BreadcrumbList\",\"@id\":\"https:\/\/elektro-juergen-mertens.de\/index.php\/elektrotechnik-in-monschau\/elektroanlage-gewerbe\/#breadcrumb\",\"itemListElement\":[{\"@type\":\"ListItem\",\"position\":1,\"name\":\"Startseite\",\"item\":\"https:\/\/elektro-juergen-mertens.de\/\"},{\"@type\":\"ListItem\",\"position\":2,\"name\":\"ELEKTROTECHNIK\",\"item\":\"https:\/\/elektro-juergen-mertens.de\/index.php\/elektrotechnik-in-monschau\/\"},{\"@type\":\"ListItem\",\"position\":3,\"name\":\"INDUSTRIE\"}]},{\"@type\":\"WebSite\",\"@id\":\"https:\/\/elektro-juergen-mertens.de\/#website\",\"url\":\"https:\/\/elektro-juergen-mertens.de\/\",\"name\":\"Elektro J\u00fcrgen Mertens\",\"description\":\"Elektroinstallationen vom Meisterbetrieb\",\"potentialAction\":[{\"@type\":\"SearchAction\",\"target\":{\"@type\":\"EntryPoint\",\"urlTemplate\":\"https:\/\/elektro-juergen-mertens.de\/?s={search_term_string}\"},\"query-input\":{\"@type\":\"PropertyValueSpecification\",\"valueRequired\":true,\"valueName\":\"search_term_string\"}}],\"inLanguage\":\"de\"}]}<\/script>\n<!-- \/ Yoast SEO plugin. -->","yoast_head_json":{"title":"Elektrotechnik f\u00fcr die Industrie | Elektro J\u00fcrgen Mertens Monschau","description":"Elektroanlagen MSR-Technik - Als IElektrotechniker f\u00fcr die Industrie sind wir Ihr erfahrener Dienstleister im Schaltschrankbau.","robots":{"index":"index","follow":"follow","max-snippet":"max-snippet:-1","max-image-preview":"max-image-preview:large","max-video-preview":"max-video-preview:-1"},"canonical":"https:\/\/elektro-juergen-mertens.de\/index.php\/elektrotechnik-in-monschau\/elektroanlage-gewerbe\/","og_locale":"de_DE","og_type":"article","og_title":"Elektrotechnik f\u00fcr die Industrie | Elektro J\u00fcrgen Mertens Monschau","og_description":"Elektroanlagen MSR-Technik - Als IElektrotechniker f\u00fcr die Industrie sind wir Ihr erfahrener Dienstleister im Schaltschrankbau.","og_url":"https:\/\/elektro-juergen-mertens.de\/index.php\/elektrotechnik-in-monschau\/elektroanlage-gewerbe\/","og_site_name":"Elektro J\u00fcrgen Mertens","article_publisher":"https:\/\/www.facebook.com\/Elektro-J%c3%bcrgen-Mertens-632474000437127\/?ref=br_rs","article_modified_time":"2026-01-28T15:29:12+00:00","twitter_card":"summary_large_image","twitter_misc":{"Gesch\u00e4tzte Lesezeit":"3\u00a0Minuten"},"schema":{"@context":"https:\/\/schema.org","@graph":[{"@type":"WebPage","@id":"https:\/\/elektro-juergen-mertens.de\/index.php\/elektrotechnik-in-monschau\/elektroanlage-gewerbe\/","url":"https:\/\/elektro-juergen-mertens.de\/index.php\/elektrotechnik-in-monschau\/elektroanlage-gewerbe\/","name":"Elektrotechnik f\u00fcr die Industrie | Elektro J\u00fcrgen Mertens Monschau","isPartOf":{"@id":"https:\/\/elektro-juergen-mertens.de\/#website"},"datePublished":"2018-04-18T15:18:08+00:00","dateModified":"2026-01-28T15:29:12+00:00","description":"Elektroanlagen MSR-Technik - Als IElektrotechniker f\u00fcr die Industrie sind wir Ihr erfahrener Dienstleister im Schaltschrankbau.","breadcrumb":{"@id":"https:\/\/elektro-juergen-mertens.de\/index.php\/elektrotechnik-in-monschau\/elektroanlage-gewerbe\/#breadcrumb"},"inLanguage":"de","potentialAction":[{"@type":"ReadAction","target":["https:\/\/elektro-juergen-mertens.de\/index.php\/elektrotechnik-in-monschau\/elektroanlage-gewerbe\/"]}]},{"@type":"BreadcrumbList","@id":"https:\/\/elektro-juergen-mertens.de\/index.php\/elektrotechnik-in-monschau\/elektroanlage-gewerbe\/#breadcrumb","itemListElement":[{"@type":"ListItem","position":1,"name":"Startseite","item":"https:\/\/elektro-juergen-mertens.de\/"},{"@type":"ListItem","position":2,"name":"ELEKTROTECHNIK","item":"https:\/\/elektro-juergen-mertens.de\/index.php\/elektrotechnik-in-monschau\/"},{"@type":"ListItem","position":3,"name":"INDUSTRIE"}]},{"@type":"WebSite","@id":"https:\/\/elektro-juergen-mertens.de\/#website","url":"https:\/\/elektro-juergen-mertens.de\/","name":"Elektro J\u00fcrgen Mertens","description":"Elektroinstallationen vom Meisterbetrieb","potentialAction":[{"@type":"SearchAction","target":{"@type":"EntryPoint","urlTemplate":"https:\/\/elektro-juergen-mertens.de\/?s={search_term_string}"},"query-input":{"@type":"PropertyValueSpecification","valueRequired":true,"valueName":"search_term_string"}}],"inLanguage":"de"}]}},"_links":{"self":[{"href":"https:\/\/elektro-juergen-mertens.de\/index.php\/wp-json\/wp\/v2\/pages\/732","targetHints":{"allow":["GET"]}}],"collection":[{"href":"https:\/\/elektro-juergen-mertens.de\/index.php\/wp-json\/wp\/v2\/pages"}],"about":[{"href":"https:\/\/elektro-juergen-mertens.de\/index.php\/wp-json\/wp\/v2\/types\/page"}],"author":[{"embeddable":true,"href":"https:\/\/elektro-juergen-mertens.de\/index.php\/wp-json\/wp\/v2\/users\/1"}],"replies":[{"embeddable":true,"href":"https:\/\/elektro-juergen-mertens.de\/index.php\/wp-json\/wp\/v2\/comments?post=732"}],"version-history":[{"count":24,"href":"https:\/\/elektro-juergen-mertens.de\/index.php\/wp-json\/wp\/v2\/pages\/732\/revisions"}],"predecessor-version":[{"id":1589,"href":"https:\/\/elektro-juergen-mertens.de\/index.php\/wp-json\/wp\/v2\/pages\/732\/revisions\/1589"}],"up":[{"embeddable":true,"href":"https:\/\/elektro-juergen-mertens.de\/index.php\/wp-json\/wp\/v2\/pages\/720"}],"wp:attachment":[{"href":"https:\/\/elektro-juergen-mertens.de\/index.php\/wp-json\/wp\/v2\/media?parent=732"}],"curies":[{"name":"wp","href":"https:\/\/api.w.org\/{rel}","templated":true}]}}