{"id":744,"date":"2018-04-19T09:47:58","date_gmt":"2018-04-19T07:47:58","guid":{"rendered":"http:\/\/elektro-juergen-mertens.de\/?page_id=744"},"modified":"2026-01-28T16:29:38","modified_gmt":"2026-01-28T15:29:38","slug":"smart-home-monschau","status":"publish","type":"page","link":"https:\/\/elektro-juergen-mertens.de\/index.php\/elektrotechnik-in-monschau\/smart-home-monschau\/","title":{"rendered":"PRIVAT &#038; GEWERBE"},"content":{"rendered":"<div class=\"wpb-content-wrapper\"><p>[vc_row css_animation=&#8220;&#8220; row_type=&#8220;row&#8220; use_row_as_full_screen_section=&#8220;no&#8220; type=&#8220;grid&#8220; angled_section=&#8220;no&#8220; text_align=&#8220;left&#8220; background_image_as_pattern=&#8220;without_pattern&#8220; z_index=&#8220;&#8220; css=&#8220;.vc_custom_1732029475117{padding-top: 5% !important;padding-bottom: 5% !important;}&#8220;][vc_column width=&#8220;1\/2&#8243; css=&#8220;.vc_custom_1524123888058{padding-right: 8% !important;padding-bottom: 8% !important;}&#8220;][vc_single_image image=&#8220;1137&#8243; img_size=&#8220;full&#8220; qode_css_animation=&#8220;&#8220;][\/vc_column][vc_column width=&#8220;1\/2&#8243;][vc_column_text]<\/p>\n<h1 style=\"text-align: left;\">PRIVAT &amp; GEWERBE<\/h1>\n<h2>Smart Home und Elektroinstallationen<\/h2>\n<p>[\/vc_column_text][vc_empty_space height=&#8220;30px&#8220;][vc_column_text]Als Elektriker-Meisterbetrieb mit langj\u00e4hriger Erfahrung und hoher Fachkompetenz bieten wir Ihnen eine breite Palette an Leistungen, von der Planung und Installation bis zur Wartung und Reparatur Ihrer elektrischen Anlagen. Dabei legen wir besonderen Wert auf Qualit\u00e4t, Sicherheit und Nachhaltigkeit.<\/p>\n<p>&nbsp;<\/p>\n<h5>Elektriker f\u00fcr Privathaushalte<\/h5>\n<p>Im privaten Bereich sind wir Ihr zuverl\u00e4ssiger Partner bei der Installation und Modernisierung Ihrer Haus- und Wohnungsinstallationen. Ob Neuverkabelung, Beleuchtung oder Smart-Home-L\u00f6sungen \u2013 wir beraten Sie gerne und setzen Ihre W\u00fcnsche professionell und zuverl\u00e4ssig um.<\/p>\n<p>&nbsp;<\/p>\n<h5>Elektriker f\u00fcr Gewerbekunden<\/h5>\n<p>Auch im gewerblichen Bereich stehen wir Ihnen mit unserem umfassenden Know-how zur Verf\u00fcgung. Wir planen und installieren Elektroanlagen in Industrie- und Gewerbebetrieben, Schulen, \u00f6ffentlichen Einrichtungen und anderen Geb\u00e4uden. Dabei setzen wir auf innovative und energieeffiziente L\u00f6sungen, um Ihnen Kosten und Energie zu sparen.<\/p>\n<p>Als zertifizierter Fachbetrieb sind wir in der Lage, Ihnen eine hohe Qualit\u00e4t und Zuverl\u00e4ssigkeit unserer Arbeit zu garantieren. Unsere Mitarbeiter sind qualifizierte Fachkr\u00e4fte und arbeiten mit modernster Technik und Ausstattung.<\/p>\n<p>\u00dcberzeugen Sie sich selbst von unserer Kompetenz und vereinbaren Sie noch heute einen Termin mit uns. Mit gleichem Engagement bearbeiten wir kleine und gro\u00dfe Auftr\u00e4ge &#8211; wo immer Sie uns brauchen! Wir sind gerne f\u00fcr Sie da und freuen uns darauf, Ihnen bei Ihrem n\u00e4chsten Elektroprojekt zur Seite zu stehen.[\/vc_column_text][vc_empty_space height=&#8220;30px&#8220;]<a  itemprop=\"url\" href=\"mailto:elektro@juergen-mertens.de\" target=\"_blank\"  class=\"qbutton  default\" style=\"\">Jetzt Termin vereinbaren<\/a>[\/vc_column][\/vc_row][vc_row css_animation=&#8220;&#8220; row_type=&#8220;row&#8220; use_row_as_full_screen_section=&#8220;no&#8220; type=&#8220;grid&#8220; angled_section=&#8220;no&#8220; text_align=&#8220;left&#8220; background_image_as_pattern=&#8220;without_pattern&#8220; z_index=&#8220;&#8220; css=&#8220;.vc_custom_1732029480266{padding-top: 5% !important;padding-bottom: 5% !important;background: #460a64 url(https:\/\/elektro-juergen-mertens.de\/wp-content\/uploads\/2024\/11\/Gira-Home-Assistant.png?id=2558) !important;background-position: center !important;background-repeat: no-repeat !important;background-size: cover !important;}&#8220;][vc_column width=&#8220;1\/3&#8243; css=&#8220;.vc_custom_1523615086708{padding-right: 8% !important;padding-bottom: 8% !important;}&#8220;][vc_empty_space height=&#8220;30px&#8220;][vc_column_text]<\/p>\n<h1 style=\"color: #ffffff;\">Ihr Projekt, unsere Umsetzung<\/h1>\n<p>[\/vc_column_text][vc_empty_space height=&#8220;30px&#8220;][qode_elements_holder number_of_columns=&#8220;one_column&#8220;][qode_elements_holder_item advanced_animations=&#8220;no&#8220;][vc_column_text]<\/p>\n<p style=\"color: #ffffff;\">Planen Sie Ihre Elektroinstallation oder Ihr Smart Home einfach selbst \u2013 mit dem Gira Home Assistant, dem umfassenden Online-Konfigurator. Gira f\u00fchrt Sie durch den gesamten Planungsprozess und vermittelt Sie anschlie\u00dfend an uns, um Ihre Ideen in die Realit\u00e4t umzusetzen.<\/p>\n<p>[\/vc_column_text][vc_empty_space height=&#8220;40px&#8220;]<a  itemprop=\"url\" href=\"https:\/\/homeassistent.gira.de\/bauvorhaben?installer=4c1f91ddef951f3f72d2e7301b4f55df\" target=\"_blank\"  class=\"qbutton  medium white default\" style=\"margin: 0px 30px 15px 0px; \">ZUM KONFIGURATOR<\/a>[\/qode_elements_holder_item][\/qode_elements_holder][vc_single_image image=&#8220;2561&#8243; qode_css_animation=&#8220;&#8220;][\/vc_column][vc_column width=&#8220;1\/3&#8243;][vc_empty_space height=&#8220;30px&#8220;][vc_column_text]<\/p>\n<h3 style=\"color: #ffffff; text-align: left;\">So funktioniert der Gira Home Assistant:<\/h3>\n<p>[\/vc_column_text][vc_empty_space height=&#8220;30px&#8220;][vc_column_text]<\/p>\n<h5 style=\"color: #ffffff; text-align: left;\">1. Fragen beantworten<\/h5>\n<p>[\/vc_column_text][vc_column_text]<\/p>\n<p style=\"color: #ffffff; text-align: left;\">Teilen Sie Informationen zu Ihrem Bauprojekt, Ihren W\u00fcnschen und Anforderungen.<\/p>\n<p>[\/vc_column_text][vc_empty_space height=&#8220;30px&#8220;][vc_column_text]<\/p>\n<h5 style=\"color: #ffffff; text-align: left;\">2. Empfehlungen und Preise erhalten<\/h5>\n<p>[\/vc_column_text][vc_column_text]<\/p>\n<p style=\"color: #ffffff; text-align: left;\">Basierend auf Ihren Angaben erhalten Sie passende L\u00f6sungen und eine unverbindliche Preiseinsch\u00e4tzung.<\/p>\n<p>[\/vc_column_text][vc_empty_space height=&#8220;30px&#8220;][vc_column_text]<\/p>\n<h5 style=\"color: #ffffff; text-align: left;\"><strong>3. Unser ma\u00dfgeschneidertes Angebot erhalten<\/strong><\/h5>\n<p>[\/vc_column_text][vc_column_text]<\/p>\n<p style=\"color: #ffffff; text-align: left;\">Wir setzen Ihre Planung professionell um und sorgen daf\u00fcr, dass Ihr Projekt zuverl\u00e4ssig und nach h\u00f6chsten Standards realisiert wird.<\/p>\n<p>[\/vc_column_text][vc_empty_space height=&#8220;30px&#8220;][\/vc_column][vc_column width=&#8220;1\/3&#8243;][\/vc_column][\/vc_row][vc_row css_animation=&#8220;&#8220; row_type=&#8220;row&#8220; use_row_as_full_screen_section=&#8220;no&#8220; type=&#8220;grid&#8220; angled_section=&#8220;no&#8220; text_align=&#8220;left&#8220; background_image_as_pattern=&#8220;without_pattern&#8220; z_index=&#8220;&#8220; css=&#8220;.vc_custom_1732029487898{padding-top: 5% !important;padding-bottom: 5% !important;}&#8220;][vc_column width=&#8220;1\/2&#8243; css=&#8220;.vc_custom_1524123992541{padding-right: 8% !important;padding-bottom: 8% !important;}&#8220;][vc_column_text]<strong><span style=\"color: #8827b8;\">&gt;<\/span><\/strong> Elektroinstallationen f\u00fcr Alt- und Neubauten<\/p>\n<p><a href=\"https:\/\/elektro-juergen-mertens.de\/index.php\/smart-home\/\"><strong><span style=\"color: #8827b8;\">&gt;<\/span><\/strong> Geb\u00e4udesystemtechnik (EIB\/KNX, Smart Home)<\/a><br \/>\n<a href=\"https:\/\/elektro-juergen-mertens.de\/index.php\/netzwerktechnik\/\"><strong><span style=\"color: #8827b8;\">&gt;<\/span><\/strong> EDV-Verkabelung in Kupfer- und Glasfasertechnik<\/a>[\/vc_column_text][vc_column_text]<\/p>\n<p style=\"text-align: left;\"><strong><span style=\"color: #8827b8;\">&gt;<\/span><\/strong> Planung und Errichtung von Beleuchtungsanlagen<br \/>\n<strong><span style=\"color: #8827b8;\">&gt;<\/span><\/strong> Wartung und Reparatur von Nachtspeicheranlagen<br \/>\n<strong><span style=\"color: #8827b8;\">&gt;<\/span><\/strong> komplexe Renovierungsarbeiten im Gastronomie- und Hotelbereich<br \/>\n<strong><span style=\"color: #8827b8;\">&gt;<\/span><\/strong> E-Check; Pr\u00fcfung von ortsfesten und ortsver\u00e4nderlichen Betriebsmitteln (nach DGUV 3)<\/p>\n<p>[\/vc_column_text][vc_empty_space height=&#8220;15px&#8220;][vc_column_text]<\/p>\n<p style=\"text-align: left;\">Wir sind langj\u00e4hriger Partner der Gira Produkte. Nutzen Sie die komfortable Infoplattform.<\/p>\n<p>[\/vc_column_text][\/vc_column][vc_column width=&#8220;1\/2&#8243;][vc_single_image image=&#8220;726&#8243; img_size=&#8220;full&#8220; qode_css_animation=&#8220;&#8220;][\/vc_column][\/vc_row][vc_row css_animation=&#8220;&#8220; row_type=&#8220;row&#8220; use_row_as_full_screen_section=&#8220;no&#8220; type=&#8220;grid&#8220; angled_section=&#8220;no&#8220; text_align=&#8220;left&#8220; background_image_as_pattern=&#8220;without_pattern&#8220; background_image=&#8220;248&#8243; z_index=&#8220;&#8220;][vc_column][qode_elements_holder number_of_columns=&#8220;one_column&#8220; alignment_one_column=&#8220;center&#8220;][qode_elements_holder_item vertical_alignment=&#8220;middle&#8220; horizontal_alignment=&#8220;left&#8220; advanced_animations=&#8220;no&#8220; item_padding=&#8220;150px 0px 150px&#8220;][vc_column_text]<\/p>\n<h5><span style=\"color: #ffffff;\">Wir finden L\u00f6sungen f\u00fcr Ihre Aufgabenstellung!<\/span><\/h5>\n<h1><span style=\"color: #ffffff; font-weight: 300;\">MELDEN SIE SICH GERNE<\/span><span style=\"color: #ffffff;\"> +49 (0) 2472 2990<br \/>\n<\/span><span style=\"color: #ffffff; text-transform: lowercase;\">elektro@juergen-mertens.de<\/span><\/h1>\n<p>[\/vc_column_text][\/qode_elements_holder_item][\/qode_elements_holder][\/vc_column][\/vc_row]<\/p>\n<\/div>","protected":false},"excerpt":{"rendered":"<p>[vc_row css_animation=&#8220;&#8220; row_type=&#8220;row&#8220; use_row_as_full_screen_section=&#8220;no&#8220; type=&#8220;grid&#8220; angled_section=&#8220;no&#8220; text_align=&#8220;left&#8220; background_image_as_pattern=&#8220;without_pattern&#8220; z_index=&#8220;&#8220; css=&#8220;.vc_custom_1732029475117{padding-top: 5% !important;padding-bottom: 5% !important;}&#8220;][vc_column width=&#8220;1\/2&#8243; css=&#8220;.vc_custom_1524123888058{padding-right: 8% !important;padding-bottom: 8% !important;}&#8220;][vc_single_image image=&#8220;1137&#8243; img_size=&#8220;full&#8220; qode_css_animation=&#8220;&#8220;][\/vc_column][vc_column width=&#8220;1\/2&#8243;][vc_column_text] PRIVAT &amp; GEWERBE Smart Home und Elektroinstallationen [\/vc_column_text][vc_empty_space height=&#8220;30px&#8220;][vc_column_text]Als Elektriker-Meisterbetrieb mit langj\u00e4hriger Erfahrung und hoher Fachkompetenz bieten wir Ihnen eine breite&#8230;<\/p>\n","protected":false},"author":1,"featured_media":0,"parent":720,"menu_order":0,"comment_status":"closed","ping_status":"closed","template":"full_width.php","meta":{"footnotes":""},"class_list":["post-744","page","type-page","status-publish","hentry"],"yoast_head":"<!-- This site is optimized with the Yoast SEO plugin v26.9 - https:\/\/yoast.com\/product\/yoast-seo-wordpress\/ -->\n<title>Smart Home in Monschau | Elektro J\u00fcrgen Mertens<\/title>\n<meta name=\"description\" content=\"Elektroinstallationen f\u00fcr Alt- und Neubauten, Geb\u00e4udesystemtechnik (EIB\/KNX, Smart Home), EDV-Verkabelung in Kupfer- und Glasfasertechnik.\" \/>\n<meta name=\"robots\" content=\"index, follow, max-snippet:-1, max-image-preview:large, max-video-preview:-1\" \/>\n<link rel=\"canonical\" href=\"https:\/\/elektro-juergen-mertens.de\/index.php\/elektrotechnik-in-monschau\/smart-home-monschau\/\" \/>\n<meta property=\"og:locale\" content=\"de_DE\" \/>\n<meta property=\"og:type\" content=\"article\" \/>\n<meta property=\"og:title\" content=\"Smart Home in Monschau | Elektro J\u00fcrgen Mertens\" \/>\n<meta property=\"og:description\" content=\"Elektroinstallationen f\u00fcr Alt- und Neubauten, Geb\u00e4udesystemtechnik (EIB\/KNX, Smart Home), EDV-Verkabelung in Kupfer- und Glasfasertechnik.\" \/>\n<meta property=\"og:url\" content=\"https:\/\/elektro-juergen-mertens.de\/index.php\/elektrotechnik-in-monschau\/smart-home-monschau\/\" \/>\n<meta property=\"og:site_name\" content=\"Elektro J\u00fcrgen Mertens\" \/>\n<meta property=\"article:publisher\" content=\"https:\/\/www.facebook.com\/Elektro-J%c3%bcrgen-Mertens-632474000437127\/?ref=br_rs\" \/>\n<meta property=\"article:modified_time\" content=\"2026-01-28T15:29:38+00:00\" \/>\n<meta name=\"twitter:card\" content=\"summary_large_image\" \/>\n<meta name=\"twitter:label1\" content=\"Gesch\u00e4tzte Lesezeit\" \/>\n\t<meta name=\"twitter:data1\" content=\"1\u00a0Minute\" \/>\n<script type=\"application\/ld+json\" class=\"yoast-schema-graph\">{\"@context\":\"https:\/\/schema.org\",\"@graph\":[{\"@type\":\"WebPage\",\"@id\":\"https:\/\/elektro-juergen-mertens.de\/index.php\/elektrotechnik-in-monschau\/smart-home-monschau\/\",\"url\":\"https:\/\/elektro-juergen-mertens.de\/index.php\/elektrotechnik-in-monschau\/smart-home-monschau\/\",\"name\":\"Smart Home in Monschau | Elektro J\u00fcrgen Mertens\",\"isPartOf\":{\"@id\":\"https:\/\/elektro-juergen-mertens.de\/#website\"},\"datePublished\":\"2018-04-19T07:47:58+00:00\",\"dateModified\":\"2026-01-28T15:29:38+00:00\",\"description\":\"Elektroinstallationen f\u00fcr Alt- und Neubauten, Geb\u00e4udesystemtechnik (EIB\/KNX, Smart Home), EDV-Verkabelung in Kupfer- und Glasfasertechnik.\",\"breadcrumb\":{\"@id\":\"https:\/\/elektro-juergen-mertens.de\/index.php\/elektrotechnik-in-monschau\/smart-home-monschau\/#breadcrumb\"},\"inLanguage\":\"de\",\"potentialAction\":[{\"@type\":\"ReadAction\",\"target\":[\"https:\/\/elektro-juergen-mertens.de\/index.php\/elektrotechnik-in-monschau\/smart-home-monschau\/\"]}]},{\"@type\":\"BreadcrumbList\",\"@id\":\"https:\/\/elektro-juergen-mertens.de\/index.php\/elektrotechnik-in-monschau\/smart-home-monschau\/#breadcrumb\",\"itemListElement\":[{\"@type\":\"ListItem\",\"position\":1,\"name\":\"Startseite\",\"item\":\"https:\/\/elektro-juergen-mertens.de\/\"},{\"@type\":\"ListItem\",\"position\":2,\"name\":\"ELEKTROTECHNIK\",\"item\":\"https:\/\/elektro-juergen-mertens.de\/index.php\/elektrotechnik-in-monschau\/\"},{\"@type\":\"ListItem\",\"position\":3,\"name\":\"PRIVAT &#038; GEWERBE\"}]},{\"@type\":\"WebSite\",\"@id\":\"https:\/\/elektro-juergen-mertens.de\/#website\",\"url\":\"https:\/\/elektro-juergen-mertens.de\/\",\"name\":\"Elektro J\u00fcrgen Mertens\",\"description\":\"Elektroinstallationen vom Meisterbetrieb\",\"potentialAction\":[{\"@type\":\"SearchAction\",\"target\":{\"@type\":\"EntryPoint\",\"urlTemplate\":\"https:\/\/elektro-juergen-mertens.de\/?s={search_term_string}\"},\"query-input\":{\"@type\":\"PropertyValueSpecification\",\"valueRequired\":true,\"valueName\":\"search_term_string\"}}],\"inLanguage\":\"de\"}]}<\/script>\n<!-- \/ Yoast SEO plugin. -->","yoast_head_json":{"title":"Smart Home in Monschau | Elektro J\u00fcrgen Mertens","description":"Elektroinstallationen f\u00fcr Alt- und Neubauten, Geb\u00e4udesystemtechnik (EIB\/KNX, Smart Home), EDV-Verkabelung in Kupfer- und Glasfasertechnik.","robots":{"index":"index","follow":"follow","max-snippet":"max-snippet:-1","max-image-preview":"max-image-preview:large","max-video-preview":"max-video-preview:-1"},"canonical":"https:\/\/elektro-juergen-mertens.de\/index.php\/elektrotechnik-in-monschau\/smart-home-monschau\/","og_locale":"de_DE","og_type":"article","og_title":"Smart Home in Monschau | Elektro J\u00fcrgen Mertens","og_description":"Elektroinstallationen f\u00fcr Alt- und Neubauten, Geb\u00e4udesystemtechnik (EIB\/KNX, Smart Home), EDV-Verkabelung in Kupfer- und Glasfasertechnik.","og_url":"https:\/\/elektro-juergen-mertens.de\/index.php\/elektrotechnik-in-monschau\/smart-home-monschau\/","og_site_name":"Elektro J\u00fcrgen Mertens","article_publisher":"https:\/\/www.facebook.com\/Elektro-J%c3%bcrgen-Mertens-632474000437127\/?ref=br_rs","article_modified_time":"2026-01-28T15:29:38+00:00","twitter_card":"summary_large_image","twitter_misc":{"Gesch\u00e4tzte Lesezeit":"1\u00a0Minute"},"schema":{"@context":"https:\/\/schema.org","@graph":[{"@type":"WebPage","@id":"https:\/\/elektro-juergen-mertens.de\/index.php\/elektrotechnik-in-monschau\/smart-home-monschau\/","url":"https:\/\/elektro-juergen-mertens.de\/index.php\/elektrotechnik-in-monschau\/smart-home-monschau\/","name":"Smart Home in Monschau | Elektro J\u00fcrgen Mertens","isPartOf":{"@id":"https:\/\/elektro-juergen-mertens.de\/#website"},"datePublished":"2018-04-19T07:47:58+00:00","dateModified":"2026-01-28T15:29:38+00:00","description":"Elektroinstallationen f\u00fcr Alt- und Neubauten, Geb\u00e4udesystemtechnik (EIB\/KNX, Smart Home), EDV-Verkabelung in Kupfer- und Glasfasertechnik.","breadcrumb":{"@id":"https:\/\/elektro-juergen-mertens.de\/index.php\/elektrotechnik-in-monschau\/smart-home-monschau\/#breadcrumb"},"inLanguage":"de","potentialAction":[{"@type":"ReadAction","target":["https:\/\/elektro-juergen-mertens.de\/index.php\/elektrotechnik-in-monschau\/smart-home-monschau\/"]}]},{"@type":"BreadcrumbList","@id":"https:\/\/elektro-juergen-mertens.de\/index.php\/elektrotechnik-in-monschau\/smart-home-monschau\/#breadcrumb","itemListElement":[{"@type":"ListItem","position":1,"name":"Startseite","item":"https:\/\/elektro-juergen-mertens.de\/"},{"@type":"ListItem","position":2,"name":"ELEKTROTECHNIK","item":"https:\/\/elektro-juergen-mertens.de\/index.php\/elektrotechnik-in-monschau\/"},{"@type":"ListItem","position":3,"name":"PRIVAT &#038; GEWERBE"}]},{"@type":"WebSite","@id":"https:\/\/elektro-juergen-mertens.de\/#website","url":"https:\/\/elektro-juergen-mertens.de\/","name":"Elektro J\u00fcrgen Mertens","description":"Elektroinstallationen vom Meisterbetrieb","potentialAction":[{"@type":"SearchAction","target":{"@type":"EntryPoint","urlTemplate":"https:\/\/elektro-juergen-mertens.de\/?s={search_term_string}"},"query-input":{"@type":"PropertyValueSpecification","valueRequired":true,"valueName":"search_term_string"}}],"inLanguage":"de"}]}},"_links":{"self":[{"href":"https:\/\/elektro-juergen-mertens.de\/index.php\/wp-json\/wp\/v2\/pages\/744","targetHints":{"allow":["GET"]}}],"collection":[{"href":"https:\/\/elektro-juergen-mertens.de\/index.php\/wp-json\/wp\/v2\/pages"}],"about":[{"href":"https:\/\/elektro-juergen-mertens.de\/index.php\/wp-json\/wp\/v2\/types\/page"}],"author":[{"embeddable":true,"href":"https:\/\/elektro-juergen-mertens.de\/index.php\/wp-json\/wp\/v2\/users\/1"}],"replies":[{"embeddable":true,"href":"https:\/\/elektro-juergen-mertens.de\/index.php\/wp-json\/wp\/v2\/comments?post=744"}],"version-history":[{"count":36,"href":"https:\/\/elektro-juergen-mertens.de\/index.php\/wp-json\/wp\/v2\/pages\/744\/revisions"}],"predecessor-version":[{"id":2573,"href":"https:\/\/elektro-juergen-mertens.de\/index.php\/wp-json\/wp\/v2\/pages\/744\/revisions\/2573"}],"up":[{"embeddable":true,"href":"https:\/\/elektro-juergen-mertens.de\/index.php\/wp-json\/wp\/v2\/pages\/720"}],"wp:attachment":[{"href":"https:\/\/elektro-juergen-mertens.de\/index.php\/wp-json\/wp\/v2\/media?parent=744"}],"curies":[{"name":"wp","href":"https:\/\/api.w.org\/{rel}","templated":true}]}}